{"id":3,"date":"2020-02-27T17:24:01","date_gmt":"2020-02-27T16:24:01","guid":{"rendered":"http:\/\/prodej.profikasa.cz\/domains\/prodej.profikasa.cz\/?page_id=3"},"modified":"2020-02-28T14:13:11","modified_gmt":"2020-02-28T13:13:11","slug":"zasady-zpracovani-osobnich-udaju","status":"publish","type":"page","link":"https:\/\/obchod.profikasa.cz\/vi\/zasady-zpracovani-osobnich-udaju\/","title":{"rendered":"(\u010de\u0161tina) Z\u00e1sady zpracov\u00e1n\u00ed osobn\u00edch \u00fadaj\u016f"},"content":{"rendered":"<p class=\"qtranxs-available-languages-message qtranxs-available-languages-message-vi\">R\u1ea5t ti\u1ebfc, m\u1ee5c n\u00e0y ch\u1ec9 t\u1ed3n t\u1ea1i \u1edf <a href=\"https:\/\/obchod.profikasa.cz\/cs\/wp-json\/wp\/v2\/pages\/3\" class=\"qtranxs-available-language-link qtranxs-available-language-link-cs\" title=\"\u010de\u0161tina\">Ti\u1ebfng S\u00e9c<\/a>.<\/p>","protected":false},"excerpt":{"rendered":"<p>R\u1ea5t ti\u1ebfc, m\u1ee5c n\u00e0y ch\u1ec9 t\u1ed3n t\u1ea1i \u1edf Ti\u1ebfng S\u00e9c.<\/p>\n","protected":false},"author":1,"featured_media":0,"parent":0,"menu_order":0,"comment_status":"closed","ping_status":"open","template":"template-fullwidth.php","meta":{"footnotes":""},"yoast_head":"<!-- This site is optimized with the Yoast SEO plugin v21.5 - https:\/\/yoast.com\/wordpress\/plugins\/seo\/ -->\n<title><\/title>\n<meta name=\"robots\" content=\"index, follow, max-snippet:-1, max-image-preview:large, max-video-preview:-1\" \/>\n<link rel=\"canonical\" href=\"https:\/\/obchod.profikasa.cz\/zasady-zpracovani-osobnich-udaju\/\" \/>\n<meta property=\"og:locale\" content=\"vi_VN\" \/>\n<meta property=\"og:type\" content=\"article\" \/>\n<meta property=\"og:title\" content=\"[:cs]Z\u00e1sady zpracov\u00e1n\u00ed osobn\u00edch \u00fadaj\u016f[:] - PROFIKASA\" \/>\n<meta property=\"og:description\" content=\"R\u1ea5t ti\u1ebfc, m\u1ee5c n\u00e0y ch\u1ec9 t\u1ed3n t\u1ea1i \u1edf Ti\u1ebfng S\u00e9c.\" \/>\n<meta property=\"og:url\" content=\"https:\/\/obchod.profikasa.cz\/zasady-zpracovani-osobnich-udaju\/\" \/>\n<meta property=\"og:site_name\" content=\"PROFIKASA\" \/>\n<meta property=\"article:modified_time\" content=\"2020-02-28T13:13:11+00:00\" \/>\n<meta name=\"twitter:card\" content=\"summary_large_image\" \/>\n<meta name=\"twitter:label1\" content=\"\u01af\u1edbc t\u00ednh th\u1eddi gian \u0111\u1ecdc\" \/>\n\t<meta name=\"twitter:data1\" content=\"3 ph\u00fat\" \/>\n<script type=\"application\/ld+json\" class=\"yoast-schema-graph\">{\"@context\":\"https:\/\/schema.org\",\"@graph\":[{\"@type\":\"WebPage\",\"@id\":\"https:\/\/obchod.profikasa.cz\/zasady-zpracovani-osobnich-udaju\/\",\"url\":\"https:\/\/obchod.profikasa.cz\/zasady-zpracovani-osobnich-udaju\/\",\"name\":\"[:cs]Z\u00e1sady zpracov\u00e1n\u00ed osobn\u00edch \u00fadaj\u016f[:] - PROFIKASA\",\"isPartOf\":{\"@id\":\"https:\/\/obchod.profikasa.cz\/#website\"},\"datePublished\":\"2020-02-27T16:24:01+00:00\",\"dateModified\":\"2020-02-28T13:13:11+00:00\",\"breadcrumb\":{\"@id\":\"https:\/\/obchod.profikasa.cz\/zasady-zpracovani-osobnich-udaju\/#breadcrumb\"},\"inLanguage\":\"vi\",\"potentialAction\":[{\"@type\":\"ReadAction\",\"target\":[\"https:\/\/obchod.profikasa.cz\/zasady-zpracovani-osobnich-udaju\/\"]}]},{\"@type\":\"BreadcrumbList\",\"@id\":\"https:\/\/obchod.profikasa.cz\/zasady-zpracovani-osobnich-udaju\/#breadcrumb\",\"itemListElement\":[{\"@type\":\"ListItem\",\"position\":1,\"name\":\"Dom\u016f\",\"item\":\"https:\/\/obchod.profikasa.cz\/\"},{\"@type\":\"ListItem\",\"position\":2,\"name\":\"Z\u00e1sady zpracov\u00e1n\u00ed osobn\u00edch \u00fadaj\u016f\"}]},{\"@type\":\"WebSite\",\"@id\":\"https:\/\/obchod.profikasa.cz\/#website\",\"url\":\"https:\/\/obchod.profikasa.cz\/\",\"name\":\"PROFIKASA\",\"description\":\"Pokladna pro obchod\",\"publisher\":{\"@id\":\"https:\/\/obchod.profikasa.cz\/#organization\"},\"potentialAction\":[{\"@type\":\"SearchAction\",\"target\":{\"@type\":\"EntryPoint\",\"urlTemplate\":\"https:\/\/obchod.profikasa.cz\/?s={search_term_string}\"},\"query-input\":\"required name=search_term_string\"}],\"inLanguage\":\"vi\"},{\"@type\":\"Organization\",\"@id\":\"https:\/\/obchod.profikasa.cz\/#organization\",\"name\":\"Profikasa\",\"url\":\"https:\/\/obchod.profikasa.cz\/\",\"logo\":{\"@type\":\"ImageObject\",\"inLanguage\":\"vi\",\"@id\":\"https:\/\/obchod.profikasa.cz\/#\/schema\/logo\/image\/\",\"url\":\"https:\/\/obchod.profikasa.cz\/wp-content\/uploads\/2020\/03\/PROFIKASA_logo_pro_prodej_a_sluzby.png\",\"contentUrl\":\"https:\/\/obchod.profikasa.cz\/wp-content\/uploads\/2020\/03\/PROFIKASA_logo_pro_prodej_a_sluzby.png\",\"width\":294,\"height\":70,\"caption\":\"Profikasa\"},\"image\":{\"@id\":\"https:\/\/obchod.profikasa.cz\/#\/schema\/logo\/image\/\"}}]}<\/script>\n<!-- \/ Yoast SEO plugin. -->","yoast_head_json":{"title":"[:cs]Z\u00e1sady zpracov\u00e1n\u00ed osobn\u00edch \u00fadaj\u016f[:] - PROFIKASA","robots":{"index":"index","follow":"follow","max-snippet":"max-snippet:-1","max-image-preview":"max-image-preview:large","max-video-preview":"max-video-preview:-1"},"canonical":"https:\/\/obchod.profikasa.cz\/zasady-zpracovani-osobnich-udaju\/","og_locale":"vi_VN","og_type":"article","og_title":"[:cs]Z\u00e1sady zpracov\u00e1n\u00ed osobn\u00edch \u00fadaj\u016f[:] - PROFIKASA","og_description":"R\u1ea5t ti\u1ebfc, m\u1ee5c n\u00e0y ch\u1ec9 t\u1ed3n t\u1ea1i \u1edf Ti\u1ebfng S\u00e9c.","og_url":"https:\/\/obchod.profikasa.cz\/zasady-zpracovani-osobnich-udaju\/","og_site_name":"PROFIKASA","article_modified_time":"2020-02-28T13:13:11+00:00","twitter_card":"summary_large_image","twitter_misc":{"\u01af\u1edbc t\u00ednh th\u1eddi gian \u0111\u1ecdc":"3 ph\u00fat"},"schema":{"@context":"https:\/\/schema.org","@graph":[{"@type":"WebPage","@id":"https:\/\/obchod.profikasa.cz\/zasady-zpracovani-osobnich-udaju\/","url":"https:\/\/obchod.profikasa.cz\/zasady-zpracovani-osobnich-udaju\/","name":"[:cs]Z\u00e1sady zpracov\u00e1n\u00ed osobn\u00edch \u00fadaj\u016f[:] - PROFIKASA","isPartOf":{"@id":"https:\/\/obchod.profikasa.cz\/#website"},"datePublished":"2020-02-27T16:24:01+00:00","dateModified":"2020-02-28T13:13:11+00:00","breadcrumb":{"@id":"https:\/\/obchod.profikasa.cz\/zasady-zpracovani-osobnich-udaju\/#breadcrumb"},"inLanguage":"vi","potentialAction":[{"@type":"ReadAction","target":["https:\/\/obchod.profikasa.cz\/zasady-zpracovani-osobnich-udaju\/"]}]},{"@type":"BreadcrumbList","@id":"https:\/\/obchod.profikasa.cz\/zasady-zpracovani-osobnich-udaju\/#breadcrumb","itemListElement":[{"@type":"ListItem","position":1,"name":"Dom\u016f","item":"https:\/\/obchod.profikasa.cz\/"},{"@type":"ListItem","position":2,"name":"Z\u00e1sady zpracov\u00e1n\u00ed osobn\u00edch \u00fadaj\u016f"}]},{"@type":"WebSite","@id":"https:\/\/obchod.profikasa.cz\/#website","url":"https:\/\/obchod.profikasa.cz\/","name":"PROFIKASA","description":"Pokladna pro obchod","publisher":{"@id":"https:\/\/obchod.profikasa.cz\/#organization"},"potentialAction":[{"@type":"SearchAction","target":{"@type":"EntryPoint","urlTemplate":"https:\/\/obchod.profikasa.cz\/?s={search_term_string}"},"query-input":"required name=search_term_string"}],"inLanguage":"vi"},{"@type":"Organization","@id":"https:\/\/obchod.profikasa.cz\/#organization","name":"Profikasa","url":"https:\/\/obchod.profikasa.cz\/","logo":{"@type":"ImageObject","inLanguage":"vi","@id":"https:\/\/obchod.profikasa.cz\/#\/schema\/logo\/image\/","url":"https:\/\/obchod.profikasa.cz\/wp-content\/uploads\/2020\/03\/PROFIKASA_logo_pro_prodej_a_sluzby.png","contentUrl":"https:\/\/obchod.profikasa.cz\/wp-content\/uploads\/2020\/03\/PROFIKASA_logo_pro_prodej_a_sluzby.png","width":294,"height":70,"caption":"Profikasa"},"image":{"@id":"https:\/\/obchod.profikasa.cz\/#\/schema\/logo\/image\/"}}]}},"_links":{"self":[{"href":"https:\/\/obchod.profikasa.cz\/vi\/wp-json\/wp\/v2\/pages\/3"}],"collection":[{"href":"https:\/\/obchod.profikasa.cz\/vi\/wp-json\/wp\/v2\/pages"}],"about":[{"href":"https:\/\/obchod.profikasa.cz\/vi\/wp-json\/wp\/v2\/types\/page"}],"author":[{"embeddable":true,"href":"https:\/\/obchod.profikasa.cz\/vi\/wp-json\/wp\/v2\/users\/1"}],"replies":[{"embeddable":true,"href":"https:\/\/obchod.profikasa.cz\/vi\/wp-json\/wp\/v2\/comments?post=3"}],"version-history":[{"count":2,"href":"https:\/\/obchod.profikasa.cz\/vi\/wp-json\/wp\/v2\/pages\/3\/revisions"}],"predecessor-version":[{"id":76,"href":"https:\/\/obchod.profikasa.cz\/vi\/wp-json\/wp\/v2\/pages\/3\/revisions\/76"}],"wp:attachment":[{"href":"https:\/\/obchod.profikasa.cz\/vi\/wp-json\/wp\/v2\/media?parent=3"}],"curies":[{"name":"wp","href":"https:\/\/api.w.org\/{rel}","templated":true}]}}